{"id":33,"date":"2018-11-13T20:23:51","date_gmt":"2018-11-13T20:23:51","guid":{"rendered":"http:\/\/petri-sicherheitstechnik.de\/?page_id=33"},"modified":"2022-02-14T07:42:49","modified_gmt":"2022-02-14T07:42:49","slug":"videoueberwachung","status":"publish","type":"page","link":"https:\/\/petri-sicherheitstechnik.de\/?page_id=33","title":{"rendered":"Video\u00fcberwachung"},"content":{"rendered":"\n<figure class=\"wp-block-image size-large\"><img loading=\"lazy\" decoding=\"async\" width=\"665\" height=\"579\" src=\"https:\/\/petri-sicherheitstechnik.de\/wp-content\/uploads\/2021\/09\/4er-Kamera.jpg\" alt=\"\" class=\"wp-image-496\" srcset=\"https:\/\/petri-sicherheitstechnik.de\/wp-content\/uploads\/2021\/09\/4er-Kamera.jpg 665w, https:\/\/petri-sicherheitstechnik.de\/wp-content\/uploads\/2021\/09\/4er-Kamera-300x261.jpg 300w\" sizes=\"auto, (max-width: 665px) 100vw, 665px\" \/><\/figure>\n\n\n\n<p>Sie k\u00f6nnen Ihre Augen nicht \u00fcberall haben, und schon gar nicht rund um die Uhr.<\/p>\n\n\n\n<p>Das \u00fcbernehmen moderne Videosysteme f\u00fcr Sie.<\/p>\n\n\n\n<p>Wir bieten Ihnen f\u00fcr Ihre speziellen Aufgaben individuell abgestimmte, wirtschaftliche L\u00f6sungen rund um Video\u00fcberwachung mit modernster Technik.<\/p>\n\n\n\n<h4 class=\"has-text-align-center wp-block-heading\">Wenn Sie einen qualifizierten Facherrichter f\u00fcr professionelle <\/h4>\n\n\n\n<h4 class=\"has-text-align-center wp-block-heading\">Video\u00fcberwachungsanlage suchen, der sowohl Kleinl\u00f6sungen als auch Gro\u00dfprojekte <\/h4>\n\n\n\n<h4 class=\"has-text-align-center wp-block-heading\">durchf\u00fchren kann, sind Sie an genau der richtigen Adresse.<\/h4>\n\n\n\n<div class=\"wp-block-image\"><figure class=\"aligncenter size-large\"><img loading=\"lazy\" decoding=\"async\" width=\"1024\" height=\"522\" src=\"https:\/\/petri-sicherheitstechnik.de\/wp-content\/uploads\/2021\/09\/blog-illustration-2-1024x522.jpeg\" alt=\"\" class=\"wp-image-495\" srcset=\"https:\/\/petri-sicherheitstechnik.de\/wp-content\/uploads\/2021\/09\/blog-illustration-2-1024x522.jpeg 1024w, https:\/\/petri-sicherheitstechnik.de\/wp-content\/uploads\/2021\/09\/blog-illustration-2-300x153.jpeg 300w, https:\/\/petri-sicherheitstechnik.de\/wp-content\/uploads\/2021\/09\/blog-illustration-2-768x392.jpeg 768w, https:\/\/petri-sicherheitstechnik.de\/wp-content\/uploads\/2021\/09\/blog-illustration-2.jpeg 1280w\" sizes=\"auto, (max-width: 706px) 89vw, (max-width: 767px) 82vw, 740px\" \/><\/figure><\/div>\n\n\n\n<h2 class=\"has-text-align-center wp-block-heading\">Wir bieten Ihnen stets auf Ihre Belange die richtige L\u00f6sung an.<\/h2>\n\n\n\n<figure class=\"wp-block-image\"><img loading=\"lazy\" decoding=\"async\" width=\"4032\" height=\"3024\" src=\"http:\/\/petri-sicherheitstechnik.de\/wp-content\/uploads\/2021\/02\/\u00dcbersicht.jpg\" alt=\"\" class=\"wp-image-316\" srcset=\"https:\/\/petri-sicherheitstechnik.de\/wp-content\/uploads\/2021\/02\/\u00dcbersicht.jpg 4032w, https:\/\/petri-sicherheitstechnik.de\/wp-content\/uploads\/2021\/02\/\u00dcbersicht-300x225.jpg 300w, https:\/\/petri-sicherheitstechnik.de\/wp-content\/uploads\/2021\/02\/\u00dcbersicht-768x576.jpg 768w, https:\/\/petri-sicherheitstechnik.de\/wp-content\/uploads\/2021\/02\/\u00dcbersicht-1024x768.jpg 1024w\" sizes=\"auto, (max-width: 706px) 89vw, (max-width: 767px) 82vw, 740px\" \/><\/figure>\n\n\n\n<figure class=\"wp-block-gallery columns-1 is-cropped wp-block-gallery-1 is-layout-flex wp-block-gallery-is-layout-flex\"><ul class=\"blocks-gallery-grid\"><li class=\"blocks-gallery-item\"><figure><img loading=\"lazy\" decoding=\"async\" width=\"1024\" height=\"576\" src=\"https:\/\/petri-sicherheitstechnik.de\/wp-content\/uploads\/2021\/09\/4K-1-1024x576.jpg\" alt=\"\" data-id=\"499\" data-full-url=\"https:\/\/petri-sicherheitstechnik.de\/wp-content\/uploads\/2021\/09\/4K-1.jpg\" data-link=\"https:\/\/petri-sicherheitstechnik.de\/?attachment_id=499\" class=\"wp-image-499\" srcset=\"https:\/\/petri-sicherheitstechnik.de\/wp-content\/uploads\/2021\/09\/4K-1-1024x576.jpg 1024w, https:\/\/petri-sicherheitstechnik.de\/wp-content\/uploads\/2021\/09\/4K-1-300x169.jpg 300w, https:\/\/petri-sicherheitstechnik.de\/wp-content\/uploads\/2021\/09\/4K-1-768x432.jpg 768w, https:\/\/petri-sicherheitstechnik.de\/wp-content\/uploads\/2021\/09\/4K-1.jpg 1116w\" sizes=\"auto, (max-width: 706px) 89vw, (max-width: 767px) 82vw, 740px\" \/><\/figure><\/li><\/ul><\/figure>\n\n\n\n<figure class=\"wp-block-image size-large\"><img loading=\"lazy\" decoding=\"async\" width=\"1024\" height=\"647\" src=\"https:\/\/petri-sicherheitstechnik.de\/wp-content\/uploads\/2021\/09\/Dienst-1024x647.jpg\" alt=\"\" class=\"wp-image-502\" srcset=\"https:\/\/petri-sicherheitstechnik.de\/wp-content\/uploads\/2021\/09\/Dienst-1024x647.jpg 1024w, https:\/\/petri-sicherheitstechnik.de\/wp-content\/uploads\/2021\/09\/Dienst-300x190.jpg 300w, https:\/\/petri-sicherheitstechnik.de\/wp-content\/uploads\/2021\/09\/Dienst-768x485.jpg 768w, https:\/\/petri-sicherheitstechnik.de\/wp-content\/uploads\/2021\/09\/Dienst.jpg 1130w\" sizes=\"auto, (max-width: 706px) 89vw, (max-width: 767px) 82vw, 740px\" \/><\/figure>\n\n\n\n<figure class=\"wp-block-image\"><img loading=\"lazy\" decoding=\"async\" width=\"1000\" height=\"350\" src=\"http:\/\/petri-sicherheitstechnik.de\/wp-content\/uploads\/2021\/02\/\u00dcberwachungskamera_Header_1000x350_.jpg\" alt=\"\" class=\"wp-image-312\" srcset=\"https:\/\/petri-sicherheitstechnik.de\/wp-content\/uploads\/2021\/02\/\u00dcberwachungskamera_Header_1000x350_.jpg 1000w, https:\/\/petri-sicherheitstechnik.de\/wp-content\/uploads\/2021\/02\/\u00dcberwachungskamera_Header_1000x350_-300x105.jpg 300w, https:\/\/petri-sicherheitstechnik.de\/wp-content\/uploads\/2021\/02\/\u00dcberwachungskamera_Header_1000x350_-768x269.jpg 768w\" sizes=\"auto, (max-width: 706px) 89vw, (max-width: 767px) 82vw, 740px\" \/><\/figure>\n\n\n\n<p><\/p>\n\n\n\n<p><\/p>\n","protected":false},"excerpt":{"rendered":"<p>Sie k\u00f6nnen Ihre Augen nicht \u00fcberall haben, und schon gar nicht rund um die Uhr. Das \u00fcbernehmen moderne Videosysteme f\u00fcr Sie. Wir bieten Ihnen f\u00fcr Ihre speziellen Aufgaben individuell abgestimmte, wirtschaftliche L\u00f6sungen rund um Video\u00fcberwachung mit modernster Technik. Wenn Sie einen qualifizierten Facherrichter f\u00fcr professionelle Video\u00fcberwachungsanlage suchen, der sowohl Kleinl\u00f6sungen als auch Gro\u00dfprojekte durchf\u00fchren kann, &hellip; <\/p>\n<p class=\"link-more\"><a href=\"https:\/\/petri-sicherheitstechnik.de\/?page_id=33\" class=\"more-link\"><span class=\"screen-reader-text\">\u201eVideo\u00fcberwachung\u201c<\/span> weiterlesen<\/a><\/p>\n","protected":false},"author":1,"featured_media":0,"parent":0,"menu_order":0,"comment_status":"closed","ping_status":"closed","template":"","meta":{"footnotes":""},"class_list":["post-33","page","type-page","status-publish","hentry"],"_links":{"self":[{"href":"https:\/\/petri-sicherheitstechnik.de\/index.php?rest_route=\/wp\/v2\/pages\/33","targetHints":{"allow":["GET"]}}],"collection":[{"href":"https:\/\/petri-sicherheitstechnik.de\/index.php?rest_route=\/wp\/v2\/pages"}],"about":[{"href":"https:\/\/petri-sicherheitstechnik.de\/index.php?rest_route=\/wp\/v2\/types\/page"}],"author":[{"embeddable":true,"href":"https:\/\/petri-sicherheitstechnik.de\/index.php?rest_route=\/wp\/v2\/users\/1"}],"replies":[{"embeddable":true,"href":"https:\/\/petri-sicherheitstechnik.de\/index.php?rest_route=%2Fwp%2Fv2%2Fcomments&post=33"}],"version-history":[{"count":10,"href":"https:\/\/petri-sicherheitstechnik.de\/index.php?rest_route=\/wp\/v2\/pages\/33\/revisions"}],"predecessor-version":[{"id":531,"href":"https:\/\/petri-sicherheitstechnik.de\/index.php?rest_route=\/wp\/v2\/pages\/33\/revisions\/531"}],"wp:attachment":[{"href":"https:\/\/petri-sicherheitstechnik.de\/index.php?rest_route=%2Fwp%2Fv2%2Fmedia&parent=33"}],"curies":[{"name":"wp","href":"https:\/\/api.w.org\/{rel}","templated":true}]}}