{"id":31,"date":"2018-11-13T20:23:39","date_gmt":"2018-11-13T20:23:39","guid":{"rendered":"http:\/\/petri-sicherheitstechnik.de\/?page_id=31"},"modified":"2021-02-22T10:04:00","modified_gmt":"2021-02-22T10:04:00","slug":"feuerloeschgeraete","status":"publish","type":"page","link":"https:\/\/petri-sicherheitstechnik.de\/?page_id=31","title":{"rendered":"Feuerl\u00f6schger\u00e4te"},"content":{"rendered":"\n<div class=\"wp-block-image\"><figure class=\"aligncenter\"><img loading=\"lazy\" decoding=\"async\" width=\"1000\" height=\"396\" src=\"http:\/\/petri-sicherheitstechnik.de\/wp-content\/uploads\/2021\/02\/feuerloescher-brandklassen.jpg\" alt=\"\" class=\"wp-image-287\" srcset=\"https:\/\/petri-sicherheitstechnik.de\/wp-content\/uploads\/2021\/02\/feuerloescher-brandklassen.jpg 1000w, https:\/\/petri-sicherheitstechnik.de\/wp-content\/uploads\/2021\/02\/feuerloescher-brandklassen-300x119.jpg 300w, https:\/\/petri-sicherheitstechnik.de\/wp-content\/uploads\/2021\/02\/feuerloescher-brandklassen-768x304.jpg 768w\" sizes=\"auto, (max-width: 706px) 89vw, (max-width: 767px) 82vw, 740px\" \/><\/figure><\/div>\n\n\n\n<p><span style=\"color: #ff0000;\"><strong>Jedes Jahr brennt es in Deutschland rund 200.000 Mal.<\/strong><\/span><\/p>\n\n\n\n<p><\/p>\n\n\n\n<p class=\"has-text-align-center\"><em>Angesichts solcher Zahlen lohnt es sich, in Brandschutz und Brandbek\u00e4mpfung zu investieren.<\/em><\/p>\n\n\n\n<p><\/p>\n\n\n\n<div class=\"wp-block-image\"><figure class=\"alignright\"><img loading=\"lazy\" decoding=\"async\" width=\"1146\" height=\"1146\" src=\"http:\/\/petri-sicherheitstechnik.de\/wp-content\/uploads\/2021\/02\/Designlscher-Ladenhter-Jockel.png\" alt=\"\" class=\"wp-image-294\" srcset=\"https:\/\/petri-sicherheitstechnik.de\/wp-content\/uploads\/2021\/02\/Designlscher-Ladenhter-Jockel.png 1146w, https:\/\/petri-sicherheitstechnik.de\/wp-content\/uploads\/2021\/02\/Designlscher-Ladenhter-Jockel-150x150.png 150w, https:\/\/petri-sicherheitstechnik.de\/wp-content\/uploads\/2021\/02\/Designlscher-Ladenhter-Jockel-300x300.png 300w, https:\/\/petri-sicherheitstechnik.de\/wp-content\/uploads\/2021\/02\/Designlscher-Ladenhter-Jockel-768x768.png 768w, https:\/\/petri-sicherheitstechnik.de\/wp-content\/uploads\/2021\/02\/Designlscher-Ladenhter-Jockel-1024x1024.png 1024w\" sizes=\"auto, (max-width: 706px) 89vw, (max-width: 767px) 82vw, 740px\" \/><\/figure><\/div>\n\n\n\n<div class=\"wp-block-image\"><figure class=\"alignright\"><img loading=\"lazy\" decoding=\"async\" width=\"1146\" height=\"1146\" src=\"http:\/\/petri-sicherheitstechnik.de\/wp-content\/uploads\/2021\/02\/Designlscher-Auftragsgriller-Jockel.png\" alt=\"\" class=\"wp-image-292\" srcset=\"https:\/\/petri-sicherheitstechnik.de\/wp-content\/uploads\/2021\/02\/Designlscher-Auftragsgriller-Jockel.png 1146w, https:\/\/petri-sicherheitstechnik.de\/wp-content\/uploads\/2021\/02\/Designlscher-Auftragsgriller-Jockel-150x150.png 150w, https:\/\/petri-sicherheitstechnik.de\/wp-content\/uploads\/2021\/02\/Designlscher-Auftragsgriller-Jockel-300x300.png 300w, https:\/\/petri-sicherheitstechnik.de\/wp-content\/uploads\/2021\/02\/Designlscher-Auftragsgriller-Jockel-768x768.png 768w, https:\/\/petri-sicherheitstechnik.de\/wp-content\/uploads\/2021\/02\/Designlscher-Auftragsgriller-Jockel-1024x1024.png 1024w\" sizes=\"auto, (max-width: 706px) 89vw, (max-width: 767px) 82vw, 740px\" \/><\/figure><\/div>\n\n\n\n<div class=\"wp-block-image\"><figure class=\"alignright\"><img loading=\"lazy\" decoding=\"async\" width=\"1146\" height=\"1146\" src=\"http:\/\/petri-sicherheitstechnik.de\/wp-content\/uploads\/2021\/02\/Designlscher-Diese-Schuhe-brauchen-mich-Jockel.png\" alt=\"\" class=\"wp-image-293\" srcset=\"https:\/\/petri-sicherheitstechnik.de\/wp-content\/uploads\/2021\/02\/Designlscher-Diese-Schuhe-brauchen-mich-Jockel.png 1146w, https:\/\/petri-sicherheitstechnik.de\/wp-content\/uploads\/2021\/02\/Designlscher-Diese-Schuhe-brauchen-mich-Jockel-150x150.png 150w, https:\/\/petri-sicherheitstechnik.de\/wp-content\/uploads\/2021\/02\/Designlscher-Diese-Schuhe-brauchen-mich-Jockel-300x300.png 300w, https:\/\/petri-sicherheitstechnik.de\/wp-content\/uploads\/2021\/02\/Designlscher-Diese-Schuhe-brauchen-mich-Jockel-768x768.png 768w, https:\/\/petri-sicherheitstechnik.de\/wp-content\/uploads\/2021\/02\/Designlscher-Diese-Schuhe-brauchen-mich-Jockel-1024x1024.png 1024w\" sizes=\"auto, (max-width: 706px) 89vw, (max-width: 767px) 82vw, 740px\" \/><\/figure><\/div>\n\n\n\n<p><\/p>\n\n\n\n<p><span style=\"color: #ff0000;\">Die Anschaffung von Feuerl\u00f6schern ist dabei eine einfache und wirkungsvolle Ma\u00dfnahme.&nbsp;&nbsp;&nbsp;&nbsp;<\/span><\/p>\n\n\n\n<p><span style=\"color: #ff0000;\">Denn bis im Ernstfall die Feuerwehr vor Ort ist, vergeht wertvolle Zeit<\/span>.<\/p>\n\n\n\n<p><\/p>\n\n\n\n<figure class=\"wp-block-image\"><img loading=\"lazy\" decoding=\"async\" width=\"900\" height=\"600\" src=\"http:\/\/petri-sicherheitstechnik.de\/wp-content\/uploads\/2021\/02\/Feuer-Zimmer-17.jpg\" alt=\"\" class=\"wp-image-298\" srcset=\"https:\/\/petri-sicherheitstechnik.de\/wp-content\/uploads\/2021\/02\/Feuer-Zimmer-17.jpg 900w, https:\/\/petri-sicherheitstechnik.de\/wp-content\/uploads\/2021\/02\/Feuer-Zimmer-17-300x200.jpg 300w, https:\/\/petri-sicherheitstechnik.de\/wp-content\/uploads\/2021\/02\/Feuer-Zimmer-17-768x512.jpg 768w\" sizes=\"auto, (max-width: 706px) 89vw, (max-width: 767px) 82vw, 740px\" \/><\/figure>\n\n\n\n<p>Brandsituationen sind absolute Ausnahmesituationen, in der sich Stress, Angst und Panik schnell verbreiten.<\/p>\n\n\n\n<p>Unser Ziel ist es, dem meist unge\u00fcbten Anwender einen Feuerl\u00f6scher bereitzustellen mit dem er einfach und schnell das Feuer bek\u00e4mpfen kann.<\/p>\n\n\n\n<p>Denn je schneller und effizienter mit Br\u00e4nden umgegangen wird, desto geringer der Schaden:<\/p>\n\n\n\n<p>Keine Brandopfer, keine Sachsch\u00e4den, kein Betriebsausfall und reduzierte Umweltauswirkungen.<\/p>\n\n\n\n<p><\/p>\n\n\n\n<p class=\"has-text-align-center\"><em>In gewerblich genutzten R\u00e4umen sind Feuerl\u00f6scher Pflicht, f\u00fcr private Haushalte ist die Anschaffung freiwillig, aber sinnvoll.<\/em><\/p>\n\n\n\n<div class=\"wp-block-image\"><figure class=\"alignleft\"><img loading=\"lazy\" decoding=\"async\" width=\"600\" height=\"600\" src=\"http:\/\/petri-sicherheitstechnik.de\/wp-content\/uploads\/2021\/02\/jockel-schaum-feuerloescher-s6jx34-fr-mit-ausloesung-ueber-schlagknopf.jpg\" alt=\"\" class=\"wp-image-299\" srcset=\"https:\/\/petri-sicherheitstechnik.de\/wp-content\/uploads\/2021\/02\/jockel-schaum-feuerloescher-s6jx34-fr-mit-ausloesung-ueber-schlagknopf.jpg 600w, https:\/\/petri-sicherheitstechnik.de\/wp-content\/uploads\/2021\/02\/jockel-schaum-feuerloescher-s6jx34-fr-mit-ausloesung-ueber-schlagknopf-150x150.jpg 150w, https:\/\/petri-sicherheitstechnik.de\/wp-content\/uploads\/2021\/02\/jockel-schaum-feuerloescher-s6jx34-fr-mit-ausloesung-ueber-schlagknopf-300x300.jpg 300w\" sizes=\"auto, (max-width: 600px) 100vw, 600px\" \/><\/figure><\/div>\n\n\n\n<h3 class=\"wp-block-heading\">Schauml\u00f6scher sind die ideale L\u00f6sung bei Entstehungsbr\u00e4nden der Brandklasse A und B. Da sich Schaum sp\u00e4ter nahezu r\u00fcckstandsfrei entfernen l\u00e4sst, sind sie ideal&nbsp;&nbsp;&nbsp; z.B.&nbsp; f\u00fcr Wohn- oder Verwaltungsbereiche.<\/h3>\n\n\n\n<h4 class=\"wp-block-heading\">&nbsp;<\/h4>\n\n\n\n<div class=\"wp-block-image\"><figure class=\"alignright\"><img loading=\"lazy\" decoding=\"async\" width=\"600\" height=\"600\" src=\"http:\/\/petri-sicherheitstechnik.de\/wp-content\/uploads\/2021\/02\/jockel-pulver-feuerloescher-p6jx34-fr-mit-ausloesung-ueber-schlaghaube.jpg\" alt=\"\" class=\"wp-image-300\" srcset=\"https:\/\/petri-sicherheitstechnik.de\/wp-content\/uploads\/2021\/02\/jockel-pulver-feuerloescher-p6jx34-fr-mit-ausloesung-ueber-schlaghaube.jpg 600w, https:\/\/petri-sicherheitstechnik.de\/wp-content\/uploads\/2021\/02\/jockel-pulver-feuerloescher-p6jx34-fr-mit-ausloesung-ueber-schlaghaube-150x150.jpg 150w, https:\/\/petri-sicherheitstechnik.de\/wp-content\/uploads\/2021\/02\/jockel-pulver-feuerloescher-p6jx34-fr-mit-ausloesung-ueber-schlaghaube-300x300.jpg 300w\" sizes=\"auto, (max-width: 600px) 100vw, 600px\" \/><\/figure><\/div>\n\n\n\n<h4 class=\"wp-block-heading\">&nbsp;<\/h4>\n\n\n\n<h4 class=\"wp-block-heading\">&nbsp;<\/h4>\n\n\n\n<h3 class=\"wp-block-heading\">Aufgrund ihres gro\u00dfen Einsatzspektrums in den Brandklassen A, B und C sind Pulverl\u00f6scher die ideale L\u00f6sung insbesondere f\u00fcr Industriebetriebe und Heizungsanlagen.<\/h3>\n\n\n\n<h4 class=\"wp-block-heading\">&nbsp;<\/h4>\n\n\n\n<h4 class=\"wp-block-heading\">&nbsp;<\/h4>\n\n\n\n<h4 class=\"wp-block-heading\"><img loading=\"lazy\" decoding=\"async\" class=\"wp-image-301 alignleft\" src=\"http:\/\/petri-sicherheitstechnik.de\/wp-content\/uploads\/2021\/02\/jockel-kohlendioxid-feuerloescher-k5j-gasloescher-mit-druckhebelarmatur-und-schneerohr.jpg\" alt=\"\" width=\"591\" height=\"591\" srcset=\"https:\/\/petri-sicherheitstechnik.de\/wp-content\/uploads\/2021\/02\/jockel-kohlendioxid-feuerloescher-k5j-gasloescher-mit-druckhebelarmatur-und-schneerohr.jpg 600w, https:\/\/petri-sicherheitstechnik.de\/wp-content\/uploads\/2021\/02\/jockel-kohlendioxid-feuerloescher-k5j-gasloescher-mit-druckhebelarmatur-und-schneerohr-150x150.jpg 150w, https:\/\/petri-sicherheitstechnik.de\/wp-content\/uploads\/2021\/02\/jockel-kohlendioxid-feuerloescher-k5j-gasloescher-mit-druckhebelarmatur-und-schneerohr-300x300.jpg 300w\" sizes=\"auto, (max-width: 591px) 100vw, 591px\" \/><\/h4>\n\n\n\n<h4 class=\"wp-block-heading\">&nbsp;<\/h4>\n\n\n\n<h3 class=\"wp-block-heading\">Kohlendioxid l\u00f6scht r\u00fcckstandsfrei. Aufgrund seines gasf\u00f6rmigen Zustands l\u00e4sst es sich optimal verteilen. Kohlendioxidl\u00f6scher werden vor allem in&nbsp; sensiblen industriellen und technischen Bereichen wie Serverumgebungen, Laboren und Arztpraxen&nbsp;eingesetzt.<\/h3>\n\n\n\n<p><\/p>\n\n\n\n<p><\/p>\n\n\n\n<div class=\"wp-block-columns is-layout-flex wp-container-core-columns-is-layout-1 wp-block-columns-is-layout-flex\">\n<div class=\"wp-block-column is-layout-flow wp-block-column-is-layout-flow\"><\/div>\n\n\n\n<div class=\"wp-block-column is-layout-flow wp-block-column-is-layout-flow\"><\/div>\n<\/div>\n\n\n\n<h4 class=\"wp-block-heading\"><img loading=\"lazy\" decoding=\"async\" class=\" wp-image-302 alignright\" src=\"http:\/\/petri-sicherheitstechnik.de\/wp-content\/uploads\/2021\/02\/3963_1.jpg\" alt=\"\" width=\"430\" height=\"430\" srcset=\"https:\/\/petri-sicherheitstechnik.de\/wp-content\/uploads\/2021\/02\/3963_1.jpg 700w, https:\/\/petri-sicherheitstechnik.de\/wp-content\/uploads\/2021\/02\/3963_1-150x150.jpg 150w, https:\/\/petri-sicherheitstechnik.de\/wp-content\/uploads\/2021\/02\/3963_1-300x300.jpg 300w\" sizes=\"auto, (max-width: 430px) 100vw, 430px\" \/><\/h4>\n\n\n\n<p><\/p>\n\n\n\n<h4 class=\"wp-block-heading\">&nbsp;<\/h4>\n\n\n\n<p>Speisefette k\u00f6nnen sich selbst entz\u00fcnden. Wird das falsche L\u00f6schmittel eingesetzt, wie z.B. Wasser,kommt es zur lebensgef\u00e4hrlichen Fettexplosion. Fettbrandl\u00f6scher k\u00f6nnen aufgrund ihrer umfangreichen Brandklassen A, B und F auch in anderen Bereichen erfolgreich eingesetzt werden.<\/p>\n\n\n\n<h4 class=\"wp-block-heading\">&nbsp;<\/h4>\n\n\n\n<h4 class=\"wp-block-heading\">&nbsp;<\/h4>\n\n\n\n<h4 class=\"wp-block-heading\"><img loading=\"lazy\" decoding=\"async\" class=\"wp-image-303 alignleft\" src=\"http:\/\/petri-sicherheitstechnik.de\/wp-content\/uploads\/2021\/02\/Jockel-12kg-Metallbrand-Auflade-Feuerlouscher-Louscher-D-Metallbrandlouscher-PM12JX.png\" alt=\"\" width=\"350\" height=\"513\" srcset=\"https:\/\/petri-sicherheitstechnik.de\/wp-content\/uploads\/2021\/02\/Jockel-12kg-Metallbrand-Auflade-Feuerlouscher-Louscher-D-Metallbrandlouscher-PM12JX.png 1004w, https:\/\/petri-sicherheitstechnik.de\/wp-content\/uploads\/2021\/02\/Jockel-12kg-Metallbrand-Auflade-Feuerlouscher-Louscher-D-Metallbrandlouscher-PM12JX-205x300.png 205w, https:\/\/petri-sicherheitstechnik.de\/wp-content\/uploads\/2021\/02\/Jockel-12kg-Metallbrand-Auflade-Feuerlouscher-Louscher-D-Metallbrandlouscher-PM12JX-768x1124.png 768w, https:\/\/petri-sicherheitstechnik.de\/wp-content\/uploads\/2021\/02\/Jockel-12kg-Metallbrand-Auflade-Feuerlouscher-Louscher-D-Metallbrandlouscher-PM12JX-699x1024.png 699w\" sizes=\"auto, (max-width: 350px) 100vw, 350px\" \/><\/h4>\n\n\n\n<h2 class=\"wp-block-heading\">&nbsp;<\/h2>\n\n\n\n<h2 class=\"wp-block-heading\">&nbsp;<\/h2>\n\n\n\n<h2 class=\"wp-block-heading\">&nbsp;<\/h2>\n\n\n\n<h2 class=\"wp-block-heading\">&nbsp;<\/h2>\n\n\n\n<h2 class=\"wp-block-heading\"><img loading=\"lazy\" decoding=\"async\" class=\"wp-image-304 alignright\" src=\"http:\/\/petri-sicherheitstechnik.de\/wp-content\/uploads\/2021\/02\/fahrzeug-feuerloescher-pruefung.jpg\" alt=\"\" width=\"683\" height=\"512\" srcset=\"https:\/\/petri-sicherheitstechnik.de\/wp-content\/uploads\/2021\/02\/fahrzeug-feuerloescher-pruefung.jpg 1181w, https:\/\/petri-sicherheitstechnik.de\/wp-content\/uploads\/2021\/02\/fahrzeug-feuerloescher-pruefung-300x225.jpg 300w, https:\/\/petri-sicherheitstechnik.de\/wp-content\/uploads\/2021\/02\/fahrzeug-feuerloescher-pruefung-768x576.jpg 768w, https:\/\/petri-sicherheitstechnik.de\/wp-content\/uploads\/2021\/02\/fahrzeug-feuerloescher-pruefung-1024x768.jpg 1024w\" sizes=\"auto, (max-width: 683px) 100vw, 683px\" \/><\/h2>\n\n\n\n<h3 class=\"wp-block-heading\">Bei der Wartung der Feuerl\u00f6scher m\u00fcssen nat\u00fcrlich verschiedene nationale Gesetze sowie die Wartungs- und F\u00fcllvorschriften der Hersteller von Feuerl\u00f6scher genau beachtet werden.<\/h3>\n\n\n\n<p><\/p>\n\n\n\n<h3 class=\"wp-block-heading\">In der Bundesrepublik Deutschland finden sich Regelungen zur Wartung von Feuerl\u00f6schern in der DIN EN 3.<\/h3>\n\n\n\n<h3 class=\"wp-block-heading\">&nbsp;<\/h3>\n\n\n\n<figure class=\"wp-block-image\"><img loading=\"lazy\" decoding=\"async\" width=\"4998\" height=\"2837\" src=\"http:\/\/petri-sicherheitstechnik.de\/wp-content\/uploads\/2019\/02\/Sprinter-Petri-.jpg\" alt=\"\" class=\"wp-image-156\" srcset=\"https:\/\/petri-sicherheitstechnik.de\/wp-content\/uploads\/2019\/02\/Sprinter-Petri-.jpg 4998w, https:\/\/petri-sicherheitstechnik.de\/wp-content\/uploads\/2019\/02\/Sprinter-Petri--300x170.jpg 300w, https:\/\/petri-sicherheitstechnik.de\/wp-content\/uploads\/2019\/02\/Sprinter-Petri--768x436.jpg 768w, https:\/\/petri-sicherheitstechnik.de\/wp-content\/uploads\/2019\/02\/Sprinter-Petri--1024x581.jpg 1024w\" sizes=\"auto, (max-width: 706px) 89vw, (max-width: 767px) 82vw, 740px\" \/><\/figure>\n\n\n\n<h3 class=\"wp-block-heading\">Abgesehen von&nbsp;&nbsp;Sonderregelungen, m\u00fcssen Feuerl\u00f6scher in einem Intervall von zwei Jahren gewartet werden.<\/h3>\n\n\n\n<h3 class=\"wp-block-heading\">Nur eine <span style=\"color: #ff0000;\"><strong>fachgerechte<\/strong><\/span> Wartung der Feuerl\u00f6scher, <span style=\"color: #000000;\"><strong><span class=\"has-inline-color has-vivid-red-color\">garantiert<\/span><\/strong><\/span> eine ordnungsgem\u00e4\u00dfe Funktion der L\u00f6schger\u00e4te.<\/h3>\n\n\n\n<figure class=\"wp-block-gallery columns-2 is-cropped wp-block-gallery-1 is-layout-flex wp-block-gallery-is-layout-flex\"><ul class=\"blocks-gallery-grid\"><li class=\"blocks-gallery-item\"><figure><img loading=\"lazy\" decoding=\"async\" width=\"2948\" height=\"3424\" src=\"http:\/\/petri-sicherheitstechnik.de\/wp-content\/uploads\/2021\/02\/Flammentrainer-1-2.jpg\" alt=\"\" data-id=\"296\" class=\"wp-image-296\" srcset=\"https:\/\/petri-sicherheitstechnik.de\/wp-content\/uploads\/2021\/02\/Flammentrainer-1-2.jpg 2948w, https:\/\/petri-sicherheitstechnik.de\/wp-content\/uploads\/2021\/02\/Flammentrainer-1-2-258x300.jpg 258w, https:\/\/petri-sicherheitstechnik.de\/wp-content\/uploads\/2021\/02\/Flammentrainer-1-2-768x892.jpg 768w, https:\/\/petri-sicherheitstechnik.de\/wp-content\/uploads\/2021\/02\/Flammentrainer-1-2-882x1024.jpg 882w\" sizes=\"auto, (max-width: 706px) 89vw, (max-width: 767px) 82vw, 740px\" \/><\/figure><\/li><li class=\"blocks-gallery-item\"><figure><img loading=\"lazy\" decoding=\"async\" width=\"939\" height=\"1024\" src=\"https:\/\/petri-sicherheitstechnik.de\/wp-content\/uploads\/2021\/02\/Firetrainer-1-939x1024.jpg\" alt=\"\" data-id=\"325\" data-full-url=\"https:\/\/petri-sicherheitstechnik.de\/wp-content\/uploads\/2021\/02\/Firetrainer-1.jpg\" data-link=\"https:\/\/petri-sicherheitstechnik.de\/?attachment_id=325\" class=\"wp-image-325\" srcset=\"https:\/\/petri-sicherheitstechnik.de\/wp-content\/uploads\/2021\/02\/Firetrainer-1-939x1024.jpg 939w, https:\/\/petri-sicherheitstechnik.de\/wp-content\/uploads\/2021\/02\/Firetrainer-1-275x300.jpg 275w, https:\/\/petri-sicherheitstechnik.de\/wp-content\/uploads\/2021\/02\/Firetrainer-1-768x837.jpg 768w, https:\/\/petri-sicherheitstechnik.de\/wp-content\/uploads\/2021\/02\/Firetrainer-1.jpg 1267w\" sizes=\"auto, (max-width: 706px) 89vw, (max-width: 767px) 82vw, 740px\" \/><\/figure><\/li><\/ul><\/figure>\n\n\n\n<h3 class=\"wp-block-heading\">Gerne unterst\u00fctzen wir Sie bei der Unterweisung Ihrer Mitarbeiter \u00fcber die im Betrieb vorhandenen Brandgefahren, Brandschutzeinrichtungen und das richtige Verhalten im Gefahrenfall im Umgang mit Feuerl\u00f6schern.<\/h3>\n\n\n\n<h3 class=\"wp-block-heading\">Dies sollte gem\u00e4\u00df der UVV einmal j\u00e4hrlich erfolgen. In unserem Feuerl\u00f6scher Seminar, schulen und unterweisen&nbsp;wir Ihre Mitarbeiter zuerst theoretisch und im Verlauf der Schulung auch praktisch an unserem Brandsimulationsger\u00e4t.<\/h3>\n\n\n\n<h3 class=\"wp-block-heading\">&nbsp;In unserem&nbsp;Feuerl\u00f6scher Training in ihrem Betrieb, lernen Sie den praktischen Umgang und das richtige Vorgehen mit Handfeuerl\u00f6schern.<\/h3>\n\n\n\n<h3 class=\"wp-block-heading\">&nbsp;<\/h3>\n\n\n\n<p><\/p>\n","protected":false},"excerpt":{"rendered":"<p>Jedes Jahr brennt es in Deutschland rund 200.000 Mal. Angesichts solcher Zahlen lohnt es sich, in Brandschutz und Brandbek\u00e4mpfung zu investieren. Die Anschaffung von Feuerl\u00f6schern ist dabei eine einfache und wirkungsvolle Ma\u00dfnahme.&nbsp;&nbsp;&nbsp;&nbsp; Denn bis im Ernstfall die Feuerwehr vor Ort ist, vergeht wertvolle Zeit. Brandsituationen sind absolute Ausnahmesituationen, in der sich Stress, Angst und Panik &hellip; <\/p>\n<p class=\"link-more\"><a href=\"https:\/\/petri-sicherheitstechnik.de\/?page_id=31\" class=\"more-link\"><span class=\"screen-reader-text\">\u201eFeuerl\u00f6schger\u00e4te\u201c<\/span> weiterlesen<\/a><\/p>\n","protected":false},"author":1,"featured_media":0,"parent":0,"menu_order":0,"comment_status":"closed","ping_status":"closed","template":"","meta":{"footnotes":""},"class_list":["post-31","page","type-page","status-publish","hentry"],"_links":{"self":[{"href":"https:\/\/petri-sicherheitstechnik.de\/index.php?rest_route=\/wp\/v2\/pages\/31","targetHints":{"allow":["GET"]}}],"collection":[{"href":"https:\/\/petri-sicherheitstechnik.de\/index.php?rest_route=\/wp\/v2\/pages"}],"about":[{"href":"https:\/\/petri-sicherheitstechnik.de\/index.php?rest_route=\/wp\/v2\/types\/page"}],"author":[{"embeddable":true,"href":"https:\/\/petri-sicherheitstechnik.de\/index.php?rest_route=\/wp\/v2\/users\/1"}],"replies":[{"embeddable":true,"href":"https:\/\/petri-sicherheitstechnik.de\/index.php?rest_route=%2Fwp%2Fv2%2Fcomments&post=31"}],"version-history":[{"count":8,"href":"https:\/\/petri-sicherheitstechnik.de\/index.php?rest_route=\/wp\/v2\/pages\/31\/revisions"}],"predecessor-version":[{"id":483,"href":"https:\/\/petri-sicherheitstechnik.de\/index.php?rest_route=\/wp\/v2\/pages\/31\/revisions\/483"}],"wp:attachment":[{"href":"https:\/\/petri-sicherheitstechnik.de\/index.php?rest_route=%2Fwp%2Fv2%2Fmedia&parent=31"}],"curies":[{"name":"wp","href":"https:\/\/api.w.org\/{rel}","templated":true}]}}