{"id":27,"date":"2018-11-13T20:23:13","date_gmt":"2018-11-13T20:23:13","guid":{"rendered":"http:\/\/petri-sicherheitstechnik.de\/?page_id=27"},"modified":"2022-02-14T07:28:00","modified_gmt":"2022-02-14T07:28:00","slug":"brandmeldeanlage","status":"publish","type":"page","link":"https:\/\/petri-sicherheitstechnik.de\/?page_id=27","title":{"rendered":"Brandmeldeanlage"},"content":{"rendered":"\n<figure class=\"wp-block-image\"><img loading=\"lazy\" decoding=\"async\" width=\"2583\" height=\"717\" src=\"http:\/\/petri-sicherheitstechnik.de\/wp-content\/uploads\/2021\/02\/Bildleiste-Brandmeldetechnik.jpg\" alt=\"\" class=\"wp-image-247\" srcset=\"https:\/\/petri-sicherheitstechnik.de\/wp-content\/uploads\/2021\/02\/Bildleiste-Brandmeldetechnik.jpg 2583w, https:\/\/petri-sicherheitstechnik.de\/wp-content\/uploads\/2021\/02\/Bildleiste-Brandmeldetechnik-300x83.jpg 300w, https:\/\/petri-sicherheitstechnik.de\/wp-content\/uploads\/2021\/02\/Bildleiste-Brandmeldetechnik-768x213.jpg 768w, https:\/\/petri-sicherheitstechnik.de\/wp-content\/uploads\/2021\/02\/Bildleiste-Brandmeldetechnik-1024x284.jpg 1024w\" sizes=\"auto, (max-width: 706px) 89vw, (max-width: 767px) 82vw, 740px\" \/><\/figure>\n\n\n\n<div class=\"wp-block-image\"><figure class=\"alignleft\"><img loading=\"lazy\" decoding=\"async\" width=\"714\" height=\"411\" src=\"http:\/\/petri-sicherheitstechnik.de\/wp-content\/uploads\/2018\/12\/Brandmeldeanlage8.jpg\" alt=\"\" class=\"wp-image-91\" srcset=\"https:\/\/petri-sicherheitstechnik.de\/wp-content\/uploads\/2018\/12\/Brandmeldeanlage8.jpg 714w, https:\/\/petri-sicherheitstechnik.de\/wp-content\/uploads\/2018\/12\/Brandmeldeanlage8-300x173.jpg 300w\" sizes=\"auto, (max-width: 714px) 100vw, 714px\" \/><figcaption>Fotoquelle: Hekatron<\/figcaption><\/figure><\/div>\n\n\n\n<p class=\"has-text-align-right\"><span style=\"color: #ff0000;\"><strong>Als Brandmelder werden technische Ger\u00e4te oder Anlagen <\/strong><\/span><\/p>\n\n\n\n<p class=\"has-text-align-right\"><span style=\"color: #ff0000;\"><strong>zum Ausl\u00f6sen eines Alarms im Falle eines Brandes in Wohnungen, <\/strong><\/span><\/p>\n\n\n\n<p class=\"has-text-align-right\"><span style=\"color: #ff0000;\"><strong>\u00f6ffentlichen Einrichtungen, Verkehrsmitteln oder <\/strong><\/span><\/p>\n\n\n\n<p class=\"has-text-align-right\"><span style=\"color: #ff0000;\"><strong>Industrieanlagen bezeichnet.<\/strong><\/span><\/p>\n\n\n\n<div class=\"wp-block-image\"><figure class=\"alignright\"><img loading=\"lazy\" decoding=\"async\" width=\"3500\" height=\"2333\" src=\"http:\/\/petri-sicherheitstechnik.de\/wp-content\/uploads\/2021\/02\/Rauchwarnmelder-in-der-Anwendung-1.jpg\" alt=\"\" class=\"wp-image-268\" srcset=\"https:\/\/petri-sicherheitstechnik.de\/wp-content\/uploads\/2021\/02\/Rauchwarnmelder-in-der-Anwendung-1.jpg 3500w, https:\/\/petri-sicherheitstechnik.de\/wp-content\/uploads\/2021\/02\/Rauchwarnmelder-in-der-Anwendung-1-300x200.jpg 300w, https:\/\/petri-sicherheitstechnik.de\/wp-content\/uploads\/2021\/02\/Rauchwarnmelder-in-der-Anwendung-1-768x512.jpg 768w, https:\/\/petri-sicherheitstechnik.de\/wp-content\/uploads\/2021\/02\/Rauchwarnmelder-in-der-Anwendung-1-1024x683.jpg 1024w\" sizes=\"auto, (max-width: 706px) 89vw, (max-width: 767px) 82vw, 740px\" \/><figcaption>Fotoquelle: Telenot Alarmsysteme<\/figcaption><\/figure><\/div>\n\n\n\n<p>Dabei wird unterschieden zwischen automatischen Brandmeldern,<\/p>\n\n\n\n<p>die den Brand anhand physikalischen Eigenschaften erkennt und<\/p>\n\n\n\n<p>nicht-automatischen Brandmeldern, die von Hand bet\u00e4tigt werden m\u00fcssen.<\/p>\n\n\n\n<p>Sinn des Brandalarms ist das Warnen und Wecken von Personen innerhalb eines Geb\u00e4udes,<\/p>\n\n\n\n<p>das initiieren von Ma\u00dfnahmen zur Brandbek\u00e4mpfung und, zum Sach- und Personenschutz,<\/p>\n\n\n\n<p>meist die Alarmierung von zust\u00e4ndigem Sicherheitspersonal oder auch der Feuerwehr.<\/p>\n\n\n\n<figure class=\"wp-block-gallery alignleft columns-2 is-cropped wp-block-gallery-1 is-layout-flex wp-block-gallery-is-layout-flex\"><ul class=\"blocks-gallery-grid\"><li class=\"blocks-gallery-item\"><figure><img loading=\"lazy\" decoding=\"async\" width=\"224\" height=\"300\" src=\"http:\/\/petri-sicherheitstechnik.de\/wp-content\/uploads\/2018\/12\/Brandmeldeanlage4-224x300.jpg\" alt=\"\" data-id=\"93\" class=\"wp-image-93\" srcset=\"https:\/\/petri-sicherheitstechnik.de\/wp-content\/uploads\/2018\/12\/Brandmeldeanlage4-224x300.jpg 224w, https:\/\/petri-sicherheitstechnik.de\/wp-content\/uploads\/2018\/12\/Brandmeldeanlage4.jpg 339w\" sizes=\"auto, (max-width: 224px) 100vw, 224px\" \/><\/figure><\/li><li class=\"blocks-gallery-item\"><figure><img decoding=\"async\" src=\"https:\/\/petri-sicherheitstechnik.de\/wp-content\/uploads\/2021\/02\/Bild_Remote_PC_Buero-2-1024x763.jpg\" alt=\"\" data-id=\"330\" data-full-url=\"https:\/\/petri-sicherheitstechnik.de\/wp-content\/uploads\/2021\/02\/Bild_Remote_PC_Buero-2.jpg\" data-link=\"https:\/\/petri-sicherheitstechnik.de\/?attachment_id=330\" class=\"wp-image-330\"\/><\/figure><\/li><\/ul><\/figure>\n\n\n\n<p class=\"has-text-align-right\">In Deutschland m\u00fcssen Brandmeldeanlagen (BMA) heute nach DIN 14675 und den Technischen Anschlussbedingungen f\u00fcr Brandmeldeanlagen (TAB), die von den einzelnen Landkreisen bzw. unter Leitung der \u00f6rtlichen Feuerwehren erstellt, geplant und errichtet werden.<\/p>\n\n\n\n<div class=\"wp-block-columns is-layout-flex wp-container-core-columns-is-layout-1 wp-block-columns-is-layout-flex\">\n<div class=\"wp-block-column is-layout-flow wp-block-column-is-layout-flow\" style=\"flex-basis:66.66%\">\n<div class=\"wp-block-image\"><figure class=\"aligncenter size-large is-resized\"><img loading=\"lazy\" decoding=\"async\" src=\"http:\/\/petri-sicherheitstechnik.de\/wp-content\/uploads\/2021\/02\/Realisierungsbeispiel-einer-Brandwarnanlage-hifire-4100-1024x446.jpg\" alt=\"\" class=\"wp-image-269\" width=\"679\" height=\"295\" srcset=\"https:\/\/petri-sicherheitstechnik.de\/wp-content\/uploads\/2021\/02\/Realisierungsbeispiel-einer-Brandwarnanlage-hifire-4100-1024x446.jpg 1024w, https:\/\/petri-sicherheitstechnik.de\/wp-content\/uploads\/2021\/02\/Realisierungsbeispiel-einer-Brandwarnanlage-hifire-4100-300x131.jpg 300w, https:\/\/petri-sicherheitstechnik.de\/wp-content\/uploads\/2021\/02\/Realisierungsbeispiel-einer-Brandwarnanlage-hifire-4100-768x335.jpg 768w\" sizes=\"auto, (max-width: 679px) 100vw, 679px\" \/><figcaption>Fotoquelle: Telenot Alarmsysteme<\/figcaption><\/figure><\/div>\n<\/div>\n<\/div>\n\n\n\n<div class=\"wp-block-group is-layout-flow wp-block-group-is-layout-flow\"><div class=\"wp-block-group__inner-container\"><\/div><\/div>\n\n\n\n<p><\/p>\n","protected":false},"excerpt":{"rendered":"<p>Als Brandmelder werden technische Ger\u00e4te oder Anlagen zum Ausl\u00f6sen eines Alarms im Falle eines Brandes in Wohnungen, \u00f6ffentlichen Einrichtungen, Verkehrsmitteln oder Industrieanlagen bezeichnet. Dabei wird unterschieden zwischen automatischen Brandmeldern, die den Brand anhand physikalischen Eigenschaften erkennt und nicht-automatischen Brandmeldern, die von Hand bet\u00e4tigt werden m\u00fcssen. Sinn des Brandalarms ist das Warnen und Wecken von Personen &hellip; <\/p>\n<p class=\"link-more\"><a href=\"https:\/\/petri-sicherheitstechnik.de\/?page_id=27\" class=\"more-link\"><span class=\"screen-reader-text\">\u201eBrandmeldeanlage\u201c<\/span> weiterlesen<\/a><\/p>\n","protected":false},"author":1,"featured_media":0,"parent":0,"menu_order":0,"comment_status":"closed","ping_status":"closed","template":"","meta":{"footnotes":""},"class_list":["post-27","page","type-page","status-publish","hentry"],"_links":{"self":[{"href":"https:\/\/petri-sicherheitstechnik.de\/index.php?rest_route=\/wp\/v2\/pages\/27","targetHints":{"allow":["GET"]}}],"collection":[{"href":"https:\/\/petri-sicherheitstechnik.de\/index.php?rest_route=\/wp\/v2\/pages"}],"about":[{"href":"https:\/\/petri-sicherheitstechnik.de\/index.php?rest_route=\/wp\/v2\/types\/page"}],"author":[{"embeddable":true,"href":"https:\/\/petri-sicherheitstechnik.de\/index.php?rest_route=\/wp\/v2\/users\/1"}],"replies":[{"embeddable":true,"href":"https:\/\/petri-sicherheitstechnik.de\/index.php?rest_route=%2Fwp%2Fv2%2Fcomments&post=27"}],"version-history":[{"count":14,"href":"https:\/\/petri-sicherheitstechnik.de\/index.php?rest_route=\/wp\/v2\/pages\/27\/revisions"}],"predecessor-version":[{"id":520,"href":"https:\/\/petri-sicherheitstechnik.de\/index.php?rest_route=\/wp\/v2\/pages\/27\/revisions\/520"}],"wp:attachment":[{"href":"https:\/\/petri-sicherheitstechnik.de\/index.php?rest_route=%2Fwp%2Fv2%2Fmedia&parent=27"}],"curies":[{"name":"wp","href":"https:\/\/api.w.org\/{rel}","templated":true}]}}