{"id":179,"date":"2019-02-25T12:04:38","date_gmt":"2019-02-25T12:04:38","guid":{"rendered":"http:\/\/petri-sicherheitstechnik.de\/?page_id=179"},"modified":"2023-03-18T07:21:10","modified_gmt":"2023-03-18T07:21:10","slug":"service","status":"publish","type":"page","link":"https:\/\/petri-sicherheitstechnik.de\/?page_id=179","title":{"rendered":"Service f\u00fcr Wartungskunden"},"content":{"rendered":"\n<p>Welcher St\u00f6rfall auch immer vorliegen mag \u2013 unsere kompetenten Mitarbeiter sind bestens geschult und unterst\u00fctzen Sie professionell.<\/p>\n\n\n\n<p>Ihre Vorteile unseres Notdienstes f\u00fcr Wartungskunden im \u00dcberblick:<\/p>\n\n\n\n<ul class=\"wp-block-list\">\n<li>Immer erreichbar: 365 Tage im Jahr, 24 Stunden am Tag<\/li>\n\n\n\n<li>Beantwortung Ihres Anrufs durch einen pers\u00f6nlichen Ansprechpartner<\/li>\n\n\n\n<li>Spezialisierte Techniker je nach Vorfall<\/li>\n\n\n\n<li>Wachdienst bei Totalausfall der Alarmanlage <\/li>\n\n\n\n<li>Brandwache bei Ausfall Ihrer Brandmeldeanlage nach vorheriger Absprache mit der zust\u00e4ndigen Feuerwehr<\/li>\n\n\n\n<li>Kurzfristige Lieferung von Ersatzteilen durch unser umfangreiches Lager<\/li>\n<\/ul>\n\n\n<div class=\"wp-block-image\">\n<figure class=\"alignleft\"><img loading=\"lazy\" decoding=\"async\" width=\"300\" height=\"243\" src=\"http:\/\/petri-sicherheitstechnik.de\/wp-content\/uploads\/2019\/02\/24h-Notdienst-300x243.jpg\" alt=\"\" class=\"wp-image-180\" srcset=\"https:\/\/petri-sicherheitstechnik.de\/wp-content\/uploads\/2019\/02\/24h-Notdienst-300x243.jpg 300w, https:\/\/petri-sicherheitstechnik.de\/wp-content\/uploads\/2019\/02\/24h-Notdienst.jpg 696w\" sizes=\"auto, (max-width: 300px) 100vw, 300px\" \/><\/figure><\/div>\n\n<div class=\"wp-block-image\">\n<figure class=\"alignleft\"><img loading=\"lazy\" decoding=\"async\" width=\"300\" height=\"300\" src=\"http:\/\/petri-sicherheitstechnik.de\/wp-content\/uploads\/2019\/02\/Nach-Feierband-Service-300x300.jpg\" alt=\"\" class=\"wp-image-183\" srcset=\"https:\/\/petri-sicherheitstechnik.de\/wp-content\/uploads\/2019\/02\/Nach-Feierband-Service-300x300.jpg 300w, https:\/\/petri-sicherheitstechnik.de\/wp-content\/uploads\/2019\/02\/Nach-Feierband-Service-150x150.jpg 150w, https:\/\/petri-sicherheitstechnik.de\/wp-content\/uploads\/2019\/02\/Nach-Feierband-Service-768x768.jpg 768w, https:\/\/petri-sicherheitstechnik.de\/wp-content\/uploads\/2019\/02\/Nach-Feierband-Service.jpg 886w\" sizes=\"auto, (max-width: 300px) 100vw, 300px\" \/><\/figure><\/div>","protected":false},"excerpt":{"rendered":"<p>Welcher St\u00f6rfall auch immer vorliegen mag \u2013 unsere kompetenten Mitarbeiter sind bestens geschult und unterst\u00fctzen Sie professionell. Ihre Vorteile unseres Notdienstes f\u00fcr Wartungskunden im \u00dcberblick:<\/p>\n","protected":false},"author":1,"featured_media":0,"parent":0,"menu_order":0,"comment_status":"closed","ping_status":"closed","template":"","meta":{"footnotes":""},"class_list":["post-179","page","type-page","status-publish","hentry"],"_links":{"self":[{"href":"https:\/\/petri-sicherheitstechnik.de\/index.php?rest_route=\/wp\/v2\/pages\/179","targetHints":{"allow":["GET"]}}],"collection":[{"href":"https:\/\/petri-sicherheitstechnik.de\/index.php?rest_route=\/wp\/v2\/pages"}],"about":[{"href":"https:\/\/petri-sicherheitstechnik.de\/index.php?rest_route=\/wp\/v2\/types\/page"}],"author":[{"embeddable":true,"href":"https:\/\/petri-sicherheitstechnik.de\/index.php?rest_route=\/wp\/v2\/users\/1"}],"replies":[{"embeddable":true,"href":"https:\/\/petri-sicherheitstechnik.de\/index.php?rest_route=%2Fwp%2Fv2%2Fcomments&post=179"}],"version-history":[{"count":8,"href":"https:\/\/petri-sicherheitstechnik.de\/index.php?rest_route=\/wp\/v2\/pages\/179\/revisions"}],"predecessor-version":[{"id":537,"href":"https:\/\/petri-sicherheitstechnik.de\/index.php?rest_route=\/wp\/v2\/pages\/179\/revisions\/537"}],"wp:attachment":[{"href":"https:\/\/petri-sicherheitstechnik.de\/index.php?rest_route=%2Fwp%2Fv2%2Fmedia&parent=179"}],"curies":[{"name":"wp","href":"https:\/\/api.w.org\/{rel}","templated":true}]}}