{"id":104,"date":"2018-12-02T10:43:46","date_gmt":"2018-12-02T10:43:46","guid":{"rendered":"http:\/\/petri-sicherheitstechnik.de\/?page_id=104"},"modified":"2023-05-27T12:09:05","modified_gmt":"2023-05-27T12:09:05","slug":"petri-sicherheitstechnik","status":"publish","type":"page","link":"https:\/\/petri-sicherheitstechnik.de\/","title":{"rendered":"Home"},"content":{"rendered":"\n<div class=\"wp-block-columns is-layout-flex wp-container-core-columns-is-layout-1 wp-block-columns-is-layout-flex\">\n<div class=\"wp-block-column is-layout-flow wp-block-column-is-layout-flow\" style=\"flex-basis:100%\"><\/div>\n<\/div>\n\n\n\n<p>Die <span style=\"color: #ff0000;\"><strong>P<\/strong><\/span><strong>etri<\/strong> <span style=\"color: #ff0000;\"><strong>S<\/strong><\/span><strong>icherheitstechnik GmbH\u00a0<\/strong>ist Facherrichter f\u00fcr\u00a0qualitativ hochwertige Einbruchmeldeanlagen und Brandmeldeanlagen zertifiziert nach DIN14675.<\/p>\n\n\n\n<p>Wir wenden ein vom VdS zertifiziertes Qualit\u00e4tsmanagementsystem nach <strong>DIN EN ISO 9001<\/strong> an und sind Mitglied im BHE Bundesverband Sicherheitstechnik e.V.<\/p>\n\n\n\n<p>Unser verantwortungsbewusstes Handeln, modernste Technik und bestens geschulte und motivierte Mitarbeiter garantieren unseren gewerblichen und privaten Kunden h\u00f6chste Qualit\u00e4t.<\/p>\n\n\n\n<p>Zu unserem Kundenstamm z\u00e4hlen Privatleute als auch Gewerbekunden aus verschiedensten Bereichen. Diese betreuen wir als Ansprechpartner im Bereich Einbruchmeldeanlagen, Brandmeldeanlagen, Videoanlagen und Zutrittskontrolle.  Zus\u00e4tzlich decken wir auch den baulichen Brandschutz mit Lieferung und Wartung von Feuerl\u00f6scher, RWA Anlagen, Wandhydranten und Brandschutzt\u00fcren ab. <\/p>\n\n\n\n<p class=\"has-text-align-left\"><strong>Gerne stehen wir Ihnen f\u00fcr eine pers\u00f6nlich zugeschnittene Beratung im Bereich Sicherheit zur Verf\u00fcgung.<\/strong><\/p>\n\n\n\n<p><\/p>\n\n\n<div class=\"wp-block-image\">\n<figure class=\"alignright\"><img loading=\"lazy\" decoding=\"async\" width=\"300\" height=\"240\" src=\"http:\/\/petri-sicherheitstechnik.de\/wp-content\/uploads\/2019\/02\/Stuetzpunkt_LOGO_Sicherheitsnetzwerk_rechteckig-003-300x240.jpg\" alt=\"\" class=\"wp-image-146\" srcset=\"https:\/\/petri-sicherheitstechnik.de\/wp-content\/uploads\/2019\/02\/Stuetzpunkt_LOGO_Sicherheitsnetzwerk_rechteckig-003-300x240.jpg 300w, https:\/\/petri-sicherheitstechnik.de\/wp-content\/uploads\/2019\/02\/Stuetzpunkt_LOGO_Sicherheitsnetzwerk_rechteckig-003-768x616.jpg 768w, https:\/\/petri-sicherheitstechnik.de\/wp-content\/uploads\/2019\/02\/Stuetzpunkt_LOGO_Sicherheitsnetzwerk_rechteckig-003-1024x821.jpg 1024w\" sizes=\"auto, (max-width: 300px) 100vw, 300px\" \/><\/figure><\/div>\n\n<div class=\"wp-block-image\">\n<figure class=\"alignright\"><img loading=\"lazy\" decoding=\"async\" width=\"241\" height=\"89\" src=\"http:\/\/petri-sicherheitstechnik.de\/wp-content\/uploads\/2018\/12\/9105073863_520660-Kopie.png\" alt=\"\" class=\"wp-image-98\"\/><\/figure><\/div>\n\n\n<p><\/p>\n\n\n<div class=\"wp-block-image\">\n<figure class=\"aligncenter\"><img loading=\"lazy\" decoding=\"async\" width=\"3000\" height=\"2693\" src=\"http:\/\/petri-sicherheitstechnik.de\/wp-content\/uploads\/2021\/02\/Composing_Smart-Home_mit-Haus.jpg\" alt=\"\" class=\"wp-image-249\" srcset=\"https:\/\/petri-sicherheitstechnik.de\/wp-content\/uploads\/2021\/02\/Composing_Smart-Home_mit-Haus.jpg 3000w, https:\/\/petri-sicherheitstechnik.de\/wp-content\/uploads\/2021\/02\/Composing_Smart-Home_mit-Haus-300x269.jpg 300w, https:\/\/petri-sicherheitstechnik.de\/wp-content\/uploads\/2021\/02\/Composing_Smart-Home_mit-Haus-768x689.jpg 768w, https:\/\/petri-sicherheitstechnik.de\/wp-content\/uploads\/2021\/02\/Composing_Smart-Home_mit-Haus-1024x919.jpg 1024w\" sizes=\"auto, (max-width: 706px) 89vw, (max-width: 767px) 82vw, 740px\" \/><figcaption class=\"wp-element-caption\">Fotoquelle: Telenot Alarmsysteme<\/figcaption><\/figure><\/div>","protected":false},"excerpt":{"rendered":"<p>Die Petri Sicherheitstechnik GmbH\u00a0ist Facherrichter f\u00fcr\u00a0qualitativ hochwertige Einbruchmeldeanlagen und Brandmeldeanlagen zertifiziert nach DIN14675. Wir wenden ein vom VdS zertifiziertes Qualit\u00e4tsmanagementsystem nach DIN EN ISO 9001 an und sind Mitglied im BHE Bundesverband Sicherheitstechnik e.V. Unser verantwortungsbewusstes Handeln, modernste Technik und bestens geschulte und motivierte Mitarbeiter garantieren unseren gewerblichen und privaten Kunden h\u00f6chste Qualit\u00e4t. Zu unserem &hellip; <\/p>\n<p class=\"link-more\"><a href=\"https:\/\/petri-sicherheitstechnik.de\/\" class=\"more-link\"><span class=\"screen-reader-text\">\u201eHome\u201c<\/span> weiterlesen<\/a><\/p>\n","protected":false},"author":2,"featured_media":266,"parent":0,"menu_order":0,"comment_status":"closed","ping_status":"closed","template":"","meta":{"footnotes":""},"class_list":["post-104","page","type-page","status-publish","has-post-thumbnail","hentry"],"_links":{"self":[{"href":"https:\/\/petri-sicherheitstechnik.de\/index.php?rest_route=\/wp\/v2\/pages\/104","targetHints":{"allow":["GET"]}}],"collection":[{"href":"https:\/\/petri-sicherheitstechnik.de\/index.php?rest_route=\/wp\/v2\/pages"}],"about":[{"href":"https:\/\/petri-sicherheitstechnik.de\/index.php?rest_route=\/wp\/v2\/types\/page"}],"author":[{"embeddable":true,"href":"https:\/\/petri-sicherheitstechnik.de\/index.php?rest_route=\/wp\/v2\/users\/2"}],"replies":[{"embeddable":true,"href":"https:\/\/petri-sicherheitstechnik.de\/index.php?rest_route=%2Fwp%2Fv2%2Fcomments&post=104"}],"version-history":[{"count":41,"href":"https:\/\/petri-sicherheitstechnik.de\/index.php?rest_route=\/wp\/v2\/pages\/104\/revisions"}],"predecessor-version":[{"id":544,"href":"https:\/\/petri-sicherheitstechnik.de\/index.php?rest_route=\/wp\/v2\/pages\/104\/revisions\/544"}],"wp:featuredmedia":[{"embeddable":true,"href":"https:\/\/petri-sicherheitstechnik.de\/index.php?rest_route=\/wp\/v2\/media\/266"}],"wp:attachment":[{"href":"https:\/\/petri-sicherheitstechnik.de\/index.php?rest_route=%2Fwp%2Fv2%2Fmedia&parent=104"}],"curies":[{"name":"wp","href":"https:\/\/api.w.org\/{rel}","templated":true}]}}